{"id":140,"date":"2016-12-07T14:18:43","date_gmt":"2016-12-07T13:18:43","guid":{"rendered":"http:\/\/rollerbladingschool.pl\/?page_id=140"},"modified":"2017-05-09T16:04:38","modified_gmt":"2017-05-09T14:04:38","slug":"regulamin","status":"publish","type":"page","link":"https:\/\/rollerbladingschool.pl\/index.php\/regulamin\/","title":{"rendered":"Regulamin"},"content":{"rendered":"<p>1. Organizatorem zaj\u0119\u0107 warsztat\u00f3w z jazdy na rolkach jest BSR Rollerblading School, KRS: 0000622086, NIP: 5542939070 z siedzib\u0105 w Bydgoszczy (dalej jako: Rollerblading School).<\/p>\n<p>2. Za zorganizowanie i prawid\u0142owy przebieg warsztat\u00f3w odpowiada Grzegorz Klarkowski instruktor wrotkarstwa z certyfikatem Polskiego Zwi\u0105zku Sport\u00f3w Wrotkarskich.<\/p>\n<p>3. Zg\u0142oszenie udzia\u0142u w zaj\u0119ciach jest r\u00f3wnowa\u017cne z zaakceptowaniem i przestrzeganiem regulaminu oraz wyra\u017ceniem zgody na przetwarzanie danych osobowych przez Rollerblading School w celach informacyjnych i marketingowych zgodnie z ustaw\u0105 z dnia 29 sierpnia 1997 roku o ochronie danych osobowych (U.2015.2135 j.t.).<\/p>\n<p>4. Rollerblading School ma prawo do skre\u015blenia z listy i zakazu wej\u015bcia na zaj\u0119cia osobom zak\u0142\u00f3caj\u0105cym porz\u0105dek, osobom przeszkadzaj\u0105cym w prowadzeniu zaj\u0119\u0107 lub w jakikolwiek inny spos\u00f3b naruszaj\u0105cym Regulamin.<\/p>\n<p>5. Szkolenie sportowe oraz organizacja zaj\u0119\u0107 sportowych z zakresu jazdy na rolkach nale\u017cy do statutowych cel\u00f3w Rollerblading School.<\/p>\n<p>6. Osoby uczestnicz\u0105ce w zaj\u0119ciach zobowi\u0105zane s\u0105 do: przestrzegania zasad bezpiecze\u0144stwa; bezwzgl\u0119dnego pos\u0142usze\u0144stwa instruktorom i opiekunom; kultury osobistej i zdyscyplinowania; przestrzegania niniejszego regulaminu.<\/p>\n<p>7. Zaj\u0119cia odbywaj\u0105 si\u0119 miejscu wyznaczonym przez instruktora. Uczestnicy zaj\u0119\u0107 nie mog\u0105 samodzielnie oddala\u0107 si\u0119 z miejsca zaj\u0119\u0107 bez zgody instruktora.<\/p>\n<p>8. Zabrania si\u0119 uczestnictwa w zaj\u0119ciach osobom nietrze\u017awym lub b\u0119d\u0105cych pod wp\u0142ywem \u015brodk\u00f3w odurzaj\u0105cych.<\/p>\n<p>9. Ka\u017cdy z uczestnik\u00f3w zobowi\u0105zany jest do posiadania sprz\u0119tu sportowego oraz zabezpieczaj\u0105cego przed upadkami.<\/p>\n<p>10. W miejscu odbywania si\u0119 zaj\u0119\u0107 obowi\u0105zuje zakaz palenia tytoniu, spo\u017cywania alkoholu oraz za\u017cywania narkotyk\u00f3w.<\/p>\n<p>11. Rollerblading School nie ponosi odpowiedzialno\u015bci za nieszcz\u0119\u015bliwe wypadki powsta\u0142e w czasie zaj\u0119\u0107. Zaleca si\u0119 indywidualne ubezpieczenie NNW. Rollerblading School nie ponosi r\u00f3wnie\u017c odpowiedzialno\u015bci za osoby, kt\u00f3re nie przedstawi\u0105 za\u015bwiadczenia lekarskiego o aktualnym stanie zdrowia i ewentualnych innych przeciwwskazaniach do uczestnictwa w zaj\u0119ciach.<\/p>\n<p>12. W przypadku wyst\u0105pienia niepokoj\u0105cych objaw\u00f3w (pogorszenie samopoczucia, md\u0142o\u015bci, b\u00f3le, os\u0142abienie) nale\u017cy przerwa\u0107 wykonywanie \u0107wicze\u0144 i zg\u0142osi\u0107 dolegliwo\u015bci prowadz\u0105cemu zaj\u0119cia.<\/p>\n<p>13. Uczestnik zaj\u0119\u0107 we w\u0142asnym zakresie wykonuje kontrolne badania lekarskie.<\/p>\n<p>14. Uczestnicy b\u0119d\u0105 informowani o zmianach w regulaminie. W przypadku braku akceptacji zmiany w regulaminie mo\u017cliwa jest rezygnacja z udzia\u0142u w zaj\u0119ciach oraz otrzymanie zwrotu op\u0142at za zaj\u0119cia.<\/p>\n<p>15. W celach promocyjnych Rollerblading School mo\u017cliwa jest publikacja zdj\u0119\u0107 i film\u00f3w z zaj\u0119\u0107, w kt\u00f3rych bierze udzia\u0142 uczestnik.<\/p>\n","protected":false},"excerpt":{"rendered":"<p>1. Organizatorem zaj\u0119\u0107 warsztat\u00f3w z jazdy na rolkach jest BSR Rollerblading School, KRS: 0000622086, NIP: 5542939070 z siedzib\u0105 w Bydgoszczy (dalej jako: Rollerblading School). 2. Za zorganizowanie i prawid\u0142owy przebieg warsztat\u00f3w odpowiada Grzegorz Klarkowski instruktor wrotkarstwa z certyfikatem Polskiego Zwi\u0105zku Sport\u00f3w Wrotkarskich. 3. Zg\u0142oszenie udzia\u0142u w zaj\u0119ciach jest r\u00f3wnowa\u017cne z zaakceptowaniem i przestrzeganiem regulaminu oraz<a href=\"https:\/\/rollerbladingschool.pl\/index.php\/regulamin\/\">[&#8230;]<\/a><\/p>\n","protected":false},"author":1,"featured_media":0,"parent":0,"menu_order":5,"comment_status":"closed","ping_status":"closed","template":"","meta":{"footnotes":""},"class_list":["post-140","page","type-page","status-publish","hentry"],"_links":{"self":[{"href":"https:\/\/rollerbladingschool.pl\/index.php\/wp-json\/wp\/v2\/pages\/140","targetHints":{"allow":["GET"]}}],"collection":[{"href":"https:\/\/rollerbladingschool.pl\/index.php\/wp-json\/wp\/v2\/pages"}],"about":[{"href":"https:\/\/rollerbladingschool.pl\/index.php\/wp-json\/wp\/v2\/types\/page"}],"author":[{"embeddable":true,"href":"https:\/\/rollerbladingschool.pl\/index.php\/wp-json\/wp\/v2\/users\/1"}],"replies":[{"embeddable":true,"href":"https:\/\/rollerbladingschool.pl\/index.php\/wp-json\/wp\/v2\/comments?post=140"}],"version-history":[{"count":2,"href":"https:\/\/rollerbladingschool.pl\/index.php\/wp-json\/wp\/v2\/pages\/140\/revisions"}],"predecessor-version":[{"id":143,"href":"https:\/\/rollerbladingschool.pl\/index.php\/wp-json\/wp\/v2\/pages\/140\/revisions\/143"}],"wp:attachment":[{"href":"https:\/\/rollerbladingschool.pl\/index.php\/wp-json\/wp\/v2\/media?parent=140"}],"curies":[{"name":"wp","href":"https:\/\/api.w.org\/{rel}","templated":true}]}}