{"id":1465,"date":"2025-06-16T09:19:01","date_gmt":"2025-06-16T07:19:01","guid":{"rendered":"https:\/\/rollerbladingschool.pl\/?page_id=1465"},"modified":"2025-06-16T09:19:01","modified_gmt":"2025-06-16T07:19:01","slug":"wyscigi-na-rolkach-bydgoska-zlota-rolka","status":"publish","type":"page","link":"https:\/\/rollerbladingschool.pl\/index.php\/wyscigi-na-rolkach-bydgoska-zlota-rolka\/","title":{"rendered":"Wy\u015bcigi na rolkach &#8211; Bydgoska Z\u0142ota Rolka"},"content":{"rendered":"\n<div class=\"wp-block-media-text is-stacked-on-mobile\"><figure class=\"wp-block-media-text__media\"><img fetchpriority=\"high\" decoding=\"async\" width=\"1024\" height=\"576\" src=\"https:\/\/rollerbladingschool.pl\/wp-content\/uploads\/2025\/06\/Niebieskie-Meski-Garnitur-Wieczor-Kawalerski-Facebook-Wydarzenie-Zdjecie-w-Tle-1024x576.png\" alt=\"\" class=\"wp-image-1466 size-full\" srcset=\"https:\/\/rollerbladingschool.pl\/wp-content\/uploads\/2025\/06\/Niebieskie-Meski-Garnitur-Wieczor-Kawalerski-Facebook-Wydarzenie-Zdjecie-w-Tle-1024x576.png 1024w, https:\/\/rollerbladingschool.pl\/wp-content\/uploads\/2025\/06\/Niebieskie-Meski-Garnitur-Wieczor-Kawalerski-Facebook-Wydarzenie-Zdjecie-w-Tle-300x169.png 300w, https:\/\/rollerbladingschool.pl\/wp-content\/uploads\/2025\/06\/Niebieskie-Meski-Garnitur-Wieczor-Kawalerski-Facebook-Wydarzenie-Zdjecie-w-Tle-768x432.png 768w, https:\/\/rollerbladingschool.pl\/wp-content\/uploads\/2025\/06\/Niebieskie-Meski-Garnitur-Wieczor-Kawalerski-Facebook-Wydarzenie-Zdjecie-w-Tle-1536x864.png 1536w, https:\/\/rollerbladingschool.pl\/wp-content\/uploads\/2025\/06\/Niebieskie-Meski-Garnitur-Wieczor-Kawalerski-Facebook-Wydarzenie-Zdjecie-w-Tle.png 1920w\" sizes=\"(max-width: 1024px) 100vw, 1024px\" \/><\/figure><div class=\"wp-block-media-text__content\">\n<p style=\"font-size:22px\">Bydgoska Z\u0142ota Rolka &#8211; to wy\u015bcigi na rolkach przeznaczone dla dzieci w wieku od 4 do 18 lat. Naszym celem jest popularyzacja sportu w\u015br\u00f3d dzieci i m\u0142odzie\u017cy. Ka\u017cdy uczestnik otrzyma dyplom uczestnictwa, a dla najlepszych czekaj\u0105 nagrody.<\/p>\n\n\n\n<p style=\"font-size:22px\">Kategorie wiekowe:<br>4-5 lat &#8211; junior A<br>6-7 lat junior B<br>8 -9 lat &#8211; junior C<br>10-11 lat &#8211; junior D<br>12-14 lat &#8211; junior E<br>15-17 lat &#8211; junior F<br>Osobno dziewczyny i ch\u0142opcy. W przypadku braku wystarczaj\u0105cej liczby zawodnik\u00f3w niekt\u00f3re kategorie mog\u0105 by\u0107 po\u0142\u0105czone.<\/p>\n\n\n\n<p style=\"font-size:22px\">Uwaga zawody s\u0105 przeznaczone dla dzieci i amator\u00f3w, dlatego w zawodach mo\u017cna uczestniczy\u0107 jedynie w rolkach z ma\u0142ymi kuleczkami. Profesjonalne rolki do jazdy szybkiej z du\u017cymi ko\u0142ami nie b\u0119d\u0105 dopuszczone.<\/p>\n\n\n\n<p style=\"font-size:22px\">Dystanse poszczeg\u00f3lnych kategorii zostan\u0105 podane nied\u0142ugo.<\/p>\n\n\n\n<p style=\"font-size:22px\">Zawody odbywaj\u0105 si\u0119 na asfaltowym boisku przy ZSB w Bydgoszczy, Pestalozziego 18.<\/p>\n\n\n\n<p style=\"font-size:22px\">Warunkiem uczestnictwa w zawodach jest wp\u0142ata op\u0142aty startowej w wysoko\u015bci 50 z\u0142.<br>KS Rollerblading School<\/p>\n\n\n\n<p style=\"font-size:22px\">68102014750000830202432383<\/p>\n\n\n\n<p style=\"font-size:22px\">Zapisy:<br>rollerbladingschool@gmial.com<\/p>\n\n\n\n<div class=\"wp-block-buttons is-layout-flex wp-block-buttons-is-layout-flex\">\n<div class=\"wp-block-button\"><a class=\"wp-block-button__link wp-element-button\" href=\"https:\/\/forms.gle\/7RSZ8A3FkduQtXFR8\">ZAPISZ SI\u0118 &#8211; KLIKNIJ TUTAJ<\/a><\/div>\n<\/div>\n\n\n\n<p><\/p>\n<\/div><\/div>\n\n\n\n<p><\/p>\n","protected":false},"excerpt":{"rendered":"","protected":false},"author":1,"featured_media":0,"parent":0,"menu_order":0,"comment_status":"closed","ping_status":"closed","template":"","meta":{"footnotes":""},"class_list":["post-1465","page","type-page","status-publish","hentry"],"_links":{"self":[{"href":"https:\/\/rollerbladingschool.pl\/index.php\/wp-json\/wp\/v2\/pages\/1465","targetHints":{"allow":["GET"]}}],"collection":[{"href":"https:\/\/rollerbladingschool.pl\/index.php\/wp-json\/wp\/v2\/pages"}],"about":[{"href":"https:\/\/rollerbladingschool.pl\/index.php\/wp-json\/wp\/v2\/types\/page"}],"author":[{"embeddable":true,"href":"https:\/\/rollerbladingschool.pl\/index.php\/wp-json\/wp\/v2\/users\/1"}],"replies":[{"embeddable":true,"href":"https:\/\/rollerbladingschool.pl\/index.php\/wp-json\/wp\/v2\/comments?post=1465"}],"version-history":[{"count":1,"href":"https:\/\/rollerbladingschool.pl\/index.php\/wp-json\/wp\/v2\/pages\/1465\/revisions"}],"predecessor-version":[{"id":1467,"href":"https:\/\/rollerbladingschool.pl\/index.php\/wp-json\/wp\/v2\/pages\/1465\/revisions\/1467"}],"wp:attachment":[{"href":"https:\/\/rollerbladingschool.pl\/index.php\/wp-json\/wp\/v2\/media?parent=1465"}],"curies":[{"name":"wp","href":"https:\/\/api.w.org\/{rel}","templated":true}]}}