{"id":1737,"date":"2026-05-13T07:09:00","date_gmt":"2026-05-13T05:09:00","guid":{"rendered":"https:\/\/rollerbladingschool.pl\/?page_id=1737"},"modified":"2026-05-13T07:09:53","modified_gmt":"2026-05-13T05:09:53","slug":"polkolonie-bydgoszcz-lato-2026","status":"publish","type":"page","link":"https:\/\/rollerbladingschool.pl\/index.php\/polkolonie-bydgoszcz-lato-2026\/","title":{"rendered":"P\u00f3\u0142kolonie Bydgoszcz &#8211; lato 2026"},"content":{"rendered":"\t\t<div data-elementor-type=\"wp-page\" data-elementor-id=\"1737\" class=\"elementor elementor-1737\">\n\t\t\t\t<div class=\"elementor-element elementor-element-2a5d413 e-flex e-con-boxed e-con e-parent\" data-id=\"2a5d413\" data-element_type=\"container\" data-e-type=\"container\">\n\t\t\t\t\t<div class=\"e-con-inner\">\n\t\t\t\t<div class=\"elementor-element elementor-element-28e61516 elementor-widget elementor-widget-text-editor\" data-id=\"28e61516\" data-element_type=\"widget\" data-e-type=\"widget\" data-widget_type=\"text-editor.default\">\n\t\t\t\t<div class=\"elementor-widget-container\">\n\t\t\t\t\t\t\t\t\t<h2>P\u00f3\u0142kolonie \u0142y\u017cwiarsko-rolkowe Bydgoszcz lato 2026 \u2013 P\u00f3\u0142kolonie rolkowe lato 2026:\u00a0 aktywne wakacje dla dzieci z KS Rollerblading School<\/h2>\n<p><!-- \/wp:paragraph --><!-- wp:paragraph --><\/p>\n<p>Wakacje w mie\u015bcie wcale nie musz\u0105 by\u0107 nudne. Coraz wi\u0119cej rodzic\u00f3w szuka p\u00f3\u0142kolonii, kt\u00f3re \u0142\u0105cz\u0105 aktywno\u015b\u0107 fizyczn\u0105, rozw\u00f3j pasji oraz bezpieczn\u0105 opiek\u0119 nad dzie\u0107mi. W\u0142a\u015bnie dlatego ogromnym zainteresowaniem ciesz\u0105 si\u0119 p\u00f3\u0142kolonie organizowane przez KS Rollerblading School\u2060\ufffd w Bydgoszczy. Program p\u00f3\u0142kolonii \u0142y\u017cwiarsko-rolkowych lato 2026 zosta\u0142 przygotowany z my\u015bl\u0105 o dzieciach, kt\u00f3re chc\u0105 aktywnie sp\u0119dzi\u0107 wakacje, nauczy\u0107 si\u0119 jazdy na rolkach i \u0142y\u017cwach lub rozwin\u0105\u0107 ju\u017c posiadane umiej\u0119tno\u015bci. \ufffd<\/p>\n<p><!-- \/wp:paragraph --><!-- wp:paragraph --><!-- \/wp:paragraph --><!-- wp:paragraph --><\/p>\n<h2>Dlaczego warto wybra\u0107 p\u00f3\u0142kolonie rolkowe lub \u0142y\u017cwiarsko-rolkowe?<\/h2>\n<p><!-- \/wp:paragraph --><!-- wp:paragraph --><\/p>\n<p>P\u00f3\u0142kolonie sportowe to \u015bwietna alternatywa dla siedzenia przed komputerem lub telefonem przez ca\u0142e wakacje. Jazda na rolkach i \u0142y\u017cwach rozwija koordynacj\u0119 ruchow\u0105, r\u00f3wnowag\u0119, kondycj\u0119 oraz pewno\u015b\u0107 siebie. Dzieci ucz\u0105 si\u0119 systematyczno\u015bci, wsp\u00f3\u0142pracy w grupie i zdrowej rywalizacji, a jednocze\u015bnie \u015bwietnie si\u0119 bawi\u0105. \ufffd<\/p>\n<p><!-- \/wp:paragraph --><!-- wp:paragraph --><!-- \/wp:paragraph --><!-- wp:paragraph --><\/p>\n<p>P\u00f3\u0142kolonie organizowane przez KS Rollerblading School s\u0105 przeznaczone zar\u00f3wno dla dzieci pocz\u0105tkuj\u0105cych, jak i bardziej zaawansowanych. Uczestnicy dzieleni s\u0105 na grupy wed\u0142ug poziomu umiej\u0119tno\u015bci, dzi\u0119ki czemu ka\u017cde dziecko mo\u017ce rozwija\u0107 si\u0119 we w\u0142asnym tempie.\u00a0<\/p>\n<p><!-- \/wp:paragraph --><!-- wp:paragraph --><\/p>\n<h2>Co znajduje si\u0119 w programie p\u00f3\u0142kolonii?<\/h2>\n<p><!-- \/wp:paragraph --><!-- wp:paragraph --><\/p>\n<p>Program p\u00f3\u0142kolonii rolkowych oraz \u0142y\u017cwiarsko-rolkowych lato 2026 w Bydgoszczy obejmuje codzienne zaj\u0119cia sportowe oraz liczne atrakcje dodatkowe. Dzieci maj\u0105 mo\u017cliwo\u015b\u0107 regularnych trening\u00f3w jazdy na rolkach i \u0142y\u017cwach pod opiek\u0105 wykwalifikowanych instruktor\u00f3w. W programie znajduj\u0105 si\u0119 mi\u0119dzy innymi:<\/p>\n<p><!-- \/wp:paragraph --><!-- wp:paragraph --><\/p>\n<p>&#8211; nauka jazdy na rolkach i \u0142y\u017cwach,<\/p>\n<p><!-- \/wp:paragraph --><!-- wp:paragraph --><\/p>\n<p>&#8211; \u0107wiczenia poprawiaj\u0105ce r\u00f3wnowag\u0119 i stabilizacj\u0119,<\/p>\n<p><!-- \/wp:paragraph --><!-- wp:paragraph --><\/p>\n<p>&#8211; elementy \u0142y\u017cwiarstwa figurowego (p\u00f3\u0142kolonie \u0142y\u017cwiarskie)<\/p>\n<p><!-- \/wp:paragraph --><!-- wp:paragraph --><\/p>\n<p>\u00a0&#8211; treningi off-ice,<\/p>\n<p><!-- \/wp:paragraph --><!-- wp:paragraph --><\/p>\n<p>&#8211; gry i zabawy sportowe,<\/p>\n<p><!-- \/wp:paragraph --><!-- wp:paragraph --><\/p>\n<p>&#8211; warsztaty integracyjne,<\/p>\n<p><!-- \/wp:paragraph --><!-- wp:paragraph --><\/p>\n<p>&#8211; wyj\u015bcia rekreacyjne i kino,<\/p>\n<p>&#8211; wyjazd na skate park (p\u00f3\u0142kolonie rolkowe)<\/p>\n<p><!-- \/wp:paragraph --><!-- wp:paragraph --><\/p>\n<p>zaj\u0119cia rozwijaj\u0105ce koordynacj\u0119 ruchow\u0105. \ufffd<\/p>\n<p><!-- \/wp:paragraph --><!-- wp:paragraph --><\/p>\n<p>Du\u017cym atutem jest r\u00f3wnie\u017c opieka w godzinach 8:00\u201316:00 oraz pe\u0142ne wy\u017cywienie, co jest bardzo wygodne dla rodzic\u00f3w pracuj\u0105cych w czasie wakacji.\u00a0<\/p>\n<p><!-- \/wp:paragraph --><!-- wp:paragraph --><\/p>\n<p>Profesjonalna kadra instruktor\u00f3w<\/p>\n<p><!-- \/wp:paragraph --><!-- wp:paragraph --><\/p>\n<p>Za organizacj\u0119 zaj\u0119\u0107 odpowiadaj\u0105 do\u015bwiadczeni instruktorzy \u0142y\u017cwiarstwa i sport\u00f3w wrotkarskich. Treningi prowadzone s\u0105 przez osoby posiadaj\u0105ce kwalifikacje instruktorskie oraz wieloletnie do\u015bwiadczenie w pracy z dzie\u0107mi i m\u0142odzie\u017c\u0105.\u00a0<\/p>\n<p><!-- \/wp:paragraph --><!-- wp:paragraph --><\/p>\n<p>W\u015br\u00f3d kadry znajduje si\u0119 m.in. Grzegorz Klarkowski \u2013 instruktor \u0142y\u017cwiarstwa figurowego oraz medalista mistrzostw Polski we freestyle slalomie. Dzi\u0119ki temu dzieci mog\u0105 uczy\u0107 si\u0119 od os\u00f3b aktywnie zwi\u0105zanych ze sportem i posiadaj\u0105cych praktyczne do\u015bwiadczenie treningowe. \ufffd<\/p>\n<p><!-- \/wp:paragraph --><!-- wp:paragraph --><\/p>\n<p><!-- \/wp:paragraph --><!-- wp:paragraph --><\/p>\n<h2>P\u00f3\u0142kolonie sportowe w Bydgoszczy \u2013 \u015bwietny wyb\u00f3r na lato 2026<\/h2>\n<p><!-- \/wp:paragraph --><!-- wp:paragraph --><\/p>\n<p>Rodzice coraz cz\u0119\u015bciej wybieraj\u0105 p\u00f3\u0142kolonie sportowe, kt\u00f3re nie tylko zapewniaj\u0105 opiek\u0119 nad dzieckiem, ale tak\u017ce pomagaj\u0105 rozwija\u0107 zdrowe nawyki i pasje. P\u00f3\u0142kolonie \u0142y\u017cwiarsko-rolkowe w Bydgoszczy to po\u0142\u0105czenie aktywno\u015bci fizycznej, zabawy oraz profesjonalnego szkolenia sportowego. \ufffd<\/p>\n<p><!-- \/wp:paragraph --><!-- wp:paragraph --><\/p>\n<p><!-- \/wp:paragraph --><!-- wp:paragraph --><\/p>\n<p>To tak\u017ce doskona\u0142a okazja, aby dziecko:<\/p>\n<p><!-- \/wp:paragraph --><!-- wp:paragraph --><\/p>\n<p>poprawi\u0142o sprawno\u015b\u0107 fizyczn\u0105,<\/p>\n<p><!-- \/wp:paragraph --><!-- wp:paragraph --><\/p>\n<p>nauczy\u0142o si\u0119 nowych umiej\u0119tno\u015bci,<\/p>\n<p><!-- \/wp:paragraph --><!-- wp:paragraph --><\/p>\n<p>pozna\u0142o nowych koleg\u00f3w i kole\u017canki,<\/p>\n<p><!-- \/wp:paragraph --><!-- wp:paragraph --><\/p>\n<p>aktywnie sp\u0119dzi\u0142o wakacje,<\/p>\n<p><!-- \/wp:paragraph --><!-- wp:paragraph --><\/p>\n<p>odkry\u0142o pasj\u0119 do rolek lub \u0142y\u017cew. \ufffd<\/p>\n<p><!-- \/wp:paragraph --><!-- wp:paragraph --><\/p>\n<p><!-- \/wp:paragraph --><!-- wp:paragraph --><\/p>\n<h2>Jak zapisa\u0107 dziecko na p\u00f3\u0142kolonie?<\/h2>\n<p><!-- \/wp:paragraph --><!-- wp:paragraph --><\/p>\n<p>Szczeg\u00f3\u0142owe informacje dotycz\u0105ce termin\u00f3w, zapis\u00f3w oraz programu p\u00f3\u0142kolonii lato 2026 dost\u0119pne s\u0105 na naszej stronie w zak\u0142adkach p\u00f3\u0142kolonie rolkowe oraz p\u00f3\u0142kolonie \u0142y\u017cwiarsko rolkowe.\u00a0<\/p>\n<p><!-- \/wp:paragraph --><!-- wp:paragraph --><\/p>\n<p><!-- \/wp:paragraph --><!-- wp:paragraph --><\/p>\n<p>Liczba miejsc jest ograniczona, dlatego warto zapisa\u0107 dziecko wcze\u015bniej i zapewni\u0107 mu aktywne, sportowe wakacje w Bydgoszczy.<\/p>\n<p><!-- \/wp:paragraph --><\/p>\t\t\t\t\t\t\t\t<\/div>\n\t\t\t\t<\/div>\n\t\t\t\t\t<\/div>\n\t\t\t\t<\/div>\n\t\t\t\t<\/div>\n\t\t","protected":false},"excerpt":{"rendered":"<p>P\u00f3\u0142kolonie \u0142y\u017cwiarsko-rolkowe Bydgoszcz lato 2026 \u2013 P\u00f3\u0142kolonie rolkowe lato 2026:\u00a0 aktywne wakacje dla dzieci z KS Rollerblading School Wakacje w mie\u015bcie wcale nie musz\u0105 by\u0107 nudne. Coraz wi\u0119cej rodzic\u00f3w szuka p\u00f3\u0142kolonii, kt\u00f3re \u0142\u0105cz\u0105 aktywno\u015b\u0107 fizyczn\u0105, rozw\u00f3j pasji oraz bezpieczn\u0105 opiek\u0119 nad dzie\u0107mi. W\u0142a\u015bnie dlatego ogromnym zainteresowaniem ciesz\u0105 si\u0119 p\u00f3\u0142kolonie organizowane przez KS Rollerblading School\u2060\ufffd w<a href=\"https:\/\/rollerbladingschool.pl\/index.php\/polkolonie-bydgoszcz-lato-2026\/\">[&#8230;]<\/a><\/p>\n","protected":false},"author":1,"featured_media":0,"parent":0,"menu_order":0,"comment_status":"closed","ping_status":"closed","template":"","meta":{"footnotes":""},"class_list":["post-1737","page","type-page","status-publish","hentry"],"_links":{"self":[{"href":"https:\/\/rollerbladingschool.pl\/index.php\/wp-json\/wp\/v2\/pages\/1737","targetHints":{"allow":["GET"]}}],"collection":[{"href":"https:\/\/rollerbladingschool.pl\/index.php\/wp-json\/wp\/v2\/pages"}],"about":[{"href":"https:\/\/rollerbladingschool.pl\/index.php\/wp-json\/wp\/v2\/types\/page"}],"author":[{"embeddable":true,"href":"https:\/\/rollerbladingschool.pl\/index.php\/wp-json\/wp\/v2\/users\/1"}],"replies":[{"embeddable":true,"href":"https:\/\/rollerbladingschool.pl\/index.php\/wp-json\/wp\/v2\/comments?post=1737"}],"version-history":[{"count":4,"href":"https:\/\/rollerbladingschool.pl\/index.php\/wp-json\/wp\/v2\/pages\/1737\/revisions"}],"predecessor-version":[{"id":1744,"href":"https:\/\/rollerbladingschool.pl\/index.php\/wp-json\/wp\/v2\/pages\/1737\/revisions\/1744"}],"wp:attachment":[{"href":"https:\/\/rollerbladingschool.pl\/index.php\/wp-json\/wp\/v2\/media?parent=1737"}],"curies":[{"name":"wp","href":"https:\/\/api.w.org\/{rel}","templated":true}]}}